{"id":47,"date":"2026-02-08T07:58:20","date_gmt":"2026-02-08T07:58:20","guid":{"rendered":"https:\/\/montravad.com\/index.php\/about\/"},"modified":"2026-03-19T15:38:59","modified_gmt":"2026-03-19T15:38:59","slug":"about","status":"publish","type":"page","link":"https:\/\/montravad.com\/gl\/about\/","title":{"rendered":"Nosotros"},"content":{"rendered":"<style>.kb-row-layout-id47_b5fd41-4c > .kt-row-column-wrap{align-content:center;}:where(.kb-row-layout-id47_b5fd41-4c > .kt-row-column-wrap) > .wp-block-kadence-column{justify-content:center;}.kb-row-layout-id47_b5fd41-4c > .kt-row-column-wrap{column-gap:var(--global-kb-gap-lg, 4rem);row-gap:var(--global-kb-gap-md, 2rem);max-width:var( --global-content-width, 1290px );padding-left:var(--global-content-edge-padding);padding-right:var(--global-content-edge-padding);padding-top:var(--global-kb-spacing-5xl, 10rem);padding-bottom:var(--global-kb-spacing-4xl, 8rem);grid-template-columns:minmax(0, 1fr);}.kb-row-layout-id47_b5fd41-4c > .kt-row-layout-overlay{opacity:0.30;background-image:url('https:\/\/montravad.com\/wp-content\/uploads\/2026\/02\/vibrant-concert-with-crowd-in-sydney-capturing.jpeg');background-size:cover;background-position:center center;background-attachment:scroll;background-repeat:no-repeat;}.kb-row-layout-id47_b5fd41-4c .kt-row-layout-bottom-sep{height:100px;}.kb-row-layout-id47_b5fd41-4c .kt-row-layout-bottom-sep svg{width:100%;}.kb-row-layout-id47_b5fd41-4c .kt-row-layout-bottom-sep svg{fill:#ffffff!important;}@media all and (max-width: 1024px){.kb-row-layout-id47_b5fd41-4c > .kt-row-column-wrap{grid-template-columns:minmax(0, 1fr);}}@media all and (max-width: 1024px){.kb-row-layout-id47_b5fd41-4c .kt-row-layout-bottom-sep{height:80px;}}@media all and (max-width: 1024px){.kb-row-layout-id47_b5fd41-4c .kt-row-layout-bottom-sep svg{width:%;}}@media all and (max-width: 767px){.kb-row-layout-id47_b5fd41-4c > .kt-row-column-wrap{padding-top:var(--global-kb-spacing-3xl, 6.5rem);padding-bottom:var(--global-kb-spacing-3xl, 6.5rem);grid-template-columns:minmax(0, 1fr);}.kb-row-layout-id47_b5fd41-4c .kt-row-layout-bottom-sep{height:60px;}.kb-row-layout-id47_b5fd41-4c .kt-row-layout-bottom-sep svg{width:%;}}<\/style><div class=\"kb-row-layout-wrap kb-row-layout-id47_b5fd41-4c alignfull has-theme-palette8-background-color kt-row-has-bg wp-block-kadence-rowlayout\"><div class=\"kt-row-layout-overlay kt-row-overlay-normal\"><\/div><div class=\"kt-row-column-wrap kt-has-1-columns kt-row-layout-equal kt-tab-layout-inherit kt-mobile-layout-row kt-row-valign-middle kb-theme-content-width\">\n<style>.kadence-column47_296c8c-b7 > .kt-inside-inner-col,.kadence-column47_296c8c-b7 > .kt-inside-inner-col:before{border-top-left-radius:0px;border-top-right-radius:0px;border-bottom-right-radius:0px;border-bottom-left-radius:0px;}.kadence-column47_296c8c-b7 > .kt-inside-inner-col{column-gap:var(--global-kb-gap-sm, 1rem);}.kadence-column47_296c8c-b7 > .kt-inside-inner-col{flex-direction:column;}.kadence-column47_296c8c-b7 > .kt-inside-inner-col > .aligncenter{width:100%;}.kadence-column47_296c8c-b7 > .kt-inside-inner-col:before{opacity:0.3;}.kadence-column47_296c8c-b7{position:relative;}@media all and (max-width: 1024px){.kadence-column47_296c8c-b7 > .kt-inside-inner-col{flex-direction:column;justify-content:center;}}@media all and (max-width: 767px){.kadence-column47_296c8c-b7 > .kt-inside-inner-col{flex-direction:column;justify-content:center;}}<\/style>\n<div class=\"wp-block-kadence-column kadence-column47_296c8c-b7 inner-column-1\"><div class=\"kt-inside-inner-col\"><style>.wp-block-kadence-advancedheading.kt-adv-heading47_cf052b-b8, .wp-block-kadence-advancedheading.kt-adv-heading47_cf052b-b8[data-kb-block=\"kb-adv-heading47_cf052b-b8\"]{margin-top:0px;margin-bottom:var(--global-kb-spacing-sm, 1.5rem);text-align:center;font-size:var(--global-kb-font-size-lg, 2rem);line-height:1;font-style:normal;}.wp-block-kadence-advancedheading.kt-adv-heading47_cf052b-b8 mark.kt-highlight, .wp-block-kadence-advancedheading.kt-adv-heading47_cf052b-b8[data-kb-block=\"kb-adv-heading47_cf052b-b8\"] mark.kt-highlight{font-style:normal;color:#f76a0c;-webkit-box-decoration-break:clone;box-decoration-break:clone;padding-top:0px;padding-right:0px;padding-bottom:0px;padding-left:0px;}.wp-block-kadence-advancedheading.kt-adv-heading47_cf052b-b8 img.kb-inline-image, .wp-block-kadence-advancedheading.kt-adv-heading47_cf052b-b8[data-kb-block=\"kb-adv-heading47_cf052b-b8\"] img.kb-inline-image{width:150px;vertical-align:baseline;}@media all and (max-width: 1024px){.wp-block-kadence-advancedheading.kt-adv-heading47_cf052b-b8, .wp-block-kadence-advancedheading.kt-adv-heading47_cf052b-b8[data-kb-block=\"kb-adv-heading47_cf052b-b8\"]{font-size:80px;}}@media all and (max-width: 767px){.wp-block-kadence-advancedheading.kt-adv-heading47_cf052b-b8, .wp-block-kadence-advancedheading.kt-adv-heading47_cf052b-b8[data-kb-block=\"kb-adv-heading47_cf052b-b8\"]{font-size:40px;line-height:1.2;}}<\/style>\n<h2 class=\"kt-adv-heading47_cf052b-b8 wp-block-kadence-advancedheading has-theme-palette-3-color has-text-color\" data-kb-block=\"kb-adv-heading47_cf052b-b8\">Sobre nosotros<\/h2>\n\n\n<style>.wp-block-kadence-advancedheading.kt-adv-heading47_5377e5-36, .wp-block-kadence-advancedheading.kt-adv-heading47_5377e5-36[data-kb-block=\"kb-adv-heading47_5377e5-36\"]{max-width:550px;margin-right:auto;margin-left:auto;margin-bottom:var(--global-kb-spacing-sm, 1.5rem);text-align:center;font-style:normal;}.wp-block-kadence-advancedheading.kt-adv-heading47_5377e5-36 mark.kt-highlight, .wp-block-kadence-advancedheading.kt-adv-heading47_5377e5-36[data-kb-block=\"kb-adv-heading47_5377e5-36\"] mark.kt-highlight{font-style:normal;color:#f76a0c;-webkit-box-decoration-break:clone;box-decoration-break:clone;padding-top:0px;padding-right:0px;padding-bottom:0px;padding-left:0px;}.wp-block-kadence-advancedheading.kt-adv-heading47_5377e5-36 img.kb-inline-image, .wp-block-kadence-advancedheading.kt-adv-heading47_5377e5-36[data-kb-block=\"kb-adv-heading47_5377e5-36\"] img.kb-inline-image{width:150px;vertical-align:baseline;}<\/style>\n<p class=\"kt-adv-heading47_5377e5-36 wp-block-kadence-advancedheading\" data-kb-block=\"kb-adv-heading47_5377e5-36\"><\/p>\n<\/div><\/div>\n\n<\/div><\/div>\n\n<style>.kadence-column47_f0a332-85{max-width:744px;margin-left:auto;margin-right:auto;}.wp-block-kadence-column.kb-section-dir-horizontal:not(.kb-section-md-dir-vertical)>.kt-inside-inner-col>.kadence-column47_f0a332-85{-webkit-flex:0 1 744px;flex:0 1 744px;max-width:unset;margin-left:unset;margin-right:unset;}.kadence-column47_f0a332-85 > .kt-inside-inner-col,.kadence-column47_f0a332-85 > .kt-inside-inner-col:before{border-top-left-radius:0px;border-top-right-radius:0px;border-bottom-right-radius:0px;border-bottom-left-radius:0px;}.kadence-column47_f0a332-85 > .kt-inside-inner-col{column-gap:var(--global-kb-gap-sm, 1rem);}.kadence-column47_f0a332-85 > .kt-inside-inner-col{flex-direction:column;}.kadence-column47_f0a332-85 > .kt-inside-inner-col > .aligncenter{width:100%;}.kadence-column47_f0a332-85 > .kt-inside-inner-col:before{opacity:0.3;}.kadence-column47_f0a332-85{position:relative;}@media all and (min-width: 1025px){.wp-block-kadence-column.kb-section-dir-horizontal>.kt-inside-inner-col>.kadence-column47_f0a332-85{-webkit-flex:0 1 744px;flex:0 1 744px;max-width:unset;margin-left:unset;margin-right:unset;}}@media all and (max-width: 1024px){.kadence-column47_f0a332-85 > .kt-inside-inner-col{flex-direction:column;justify-content:center;}}@media all and (max-width: 767px){.wp-block-kadence-column.kb-section-sm-dir-vertical:not(.kb-section-sm-dir-horizontal):not(.kb-section-sm-dir-specificity)>.kt-inside-inner-col>.kadence-column47_f0a332-85{max-width:744px;-webkit-flex:1;flex:1;margin-left:auto;margin-right:auto;}.kadence-column47_f0a332-85 > .kt-inside-inner-col{flex-direction:column;justify-content:center;}}<\/style>\n<div class=\"wp-block-kadence-column kadence-column47_f0a332-85\"><div class=\"kt-inside-inner-col\">\n<p><\/p>\n\n\n\n<p>Somos una empresa radicada en Ribadeo (Galicia, Espa\u00f1a), dedicada a la producci\u00f3n, promoci\u00f3n y distribuci\u00f3n de espect\u00e1culos de m\u00fasica y artes esc\u00e9nicas, impulsada por personas que cuentan con una larga trayectoria y amplia experiencia en el mundo de la cultura y el entretenimiento. <\/p>\n\n\n\n<p>Nuestra actividad se lleva a cabo de forma habitual, pero no exclusivamente, en el Norte de Espa\u00f1a. <\/p>\n\n\n\n<p>Trabajamos con compa\u00f1\u00edas e int\u00e9rpretes de primera l\u00ednea tanto nacional como internacional.<\/p>\n\n\n\n<p>Nuestro objetivo es seguir ofreciendo al p\u00fablico alternativas de calidad que llenen su tiempo de ocio de experiencias culturales amenas y gratificantes.<br><\/p>\n<\/div><\/div>\n\n\n<style>.kb-row-layout-id47_18da69-fc > .kt-row-column-wrap{align-content:center;}:where(.kb-row-layout-id47_18da69-fc > .kt-row-column-wrap) > .wp-block-kadence-column{justify-content:center;}.kb-row-layout-id47_18da69-fc > .kt-row-column-wrap{column-gap:var(--global-kb-gap-md, 2rem);row-gap:var(--global-kb-gap-md, 2rem);max-width:var( --global-content-width, 1290px );padding-left:var(--global-content-edge-padding);padding-right:var(--global-content-edge-padding);padding-top:var(--global-kb-spacing-md, 2rem);padding-bottom:var(--global-kb-spacing-md, 2rem);grid-template-columns:repeat(2, minmax(0, 1fr));}.kb-row-layout-id47_18da69-fc > .kt-row-layout-overlay{opacity:0.00;}@media all and (max-width: 1024px){.kb-row-layout-id47_18da69-fc > .kt-row-column-wrap{grid-template-columns:minmax(0, 2fr) minmax(0, 1fr);}}@media all and (max-width: 767px){.kb-row-layout-id47_18da69-fc > .kt-row-column-wrap{grid-template-columns:minmax(0, 1fr);}.kb-row-layout-id47_18da69-fc > .kt-row-column-wrap > .wp-block-kadence-column:nth-child(1 of *:not(style)){order:2;}.kb-row-layout-id47_18da69-fc > .kt-row-column-wrap > .wp-block-kadence-column:nth-child(2 of *:not(style)){order:1;}.kb-row-layout-id47_18da69-fc > .kt-row-column-wrap > .wp-block-kadence-column:nth-child(3 of *:not(style)){order:12;}.kb-row-layout-id47_18da69-fc > .kt-row-column-wrap > .wp-block-kadence-column:nth-child(4 of *:not(style)){order:11;}.kb-row-layout-id47_18da69-fc > .kt-row-column-wrap > .wp-block-kadence-column:nth-child(5 of *:not(style)){order:22;}.kb-row-layout-id47_18da69-fc > .kt-row-column-wrap > .wp-block-kadence-column:nth-child(6 of *:not(style)){order:21;}.kb-row-layout-id47_18da69-fc > .kt-row-column-wrap > .wp-block-kadence-column:nth-child(7 of *:not(style)){order:32;}.kb-row-layout-id47_18da69-fc > .kt-row-column-wrap > .wp-block-kadence-column:nth-child(8 of *:not(style)){order:31;}}<\/style><div class=\"kb-row-layout-wrap kb-row-layout-id47_18da69-fc alignfull has-theme-palette9-background-color kt-row-has-bg wp-block-kadence-rowlayout\"><div class=\"kt-row-column-wrap kt-has-2-columns kt-row-layout-equal kt-tab-layout-left-golden kt-mobile-layout-row kt-row-valign-middle kb-theme-content-width\">\n<style>.kadence-column47_c07446-09 > .kt-inside-inner-col,.kadence-column47_c07446-09 > .kt-inside-inner-col:before{border-top-left-radius:0px;border-top-right-radius:0px;border-bottom-right-radius:0px;border-bottom-left-radius:0px;}.kadence-column47_c07446-09 > .kt-inside-inner-col{column-gap:var(--global-kb-gap-sm, 1rem);}.kadence-column47_c07446-09 > .kt-inside-inner-col{flex-direction:column;}.kadence-column47_c07446-09 > .kt-inside-inner-col > .aligncenter{width:100%;}.kadence-column47_c07446-09 > .kt-inside-inner-col:before{opacity:0.3;}.kadence-column47_c07446-09{position:relative;}@media all and (max-width: 1024px){.kadence-column47_c07446-09 > .kt-inside-inner-col{flex-direction:column;justify-content:center;}}@media all and (max-width: 767px){.kadence-column47_c07446-09 > .kt-inside-inner-col{flex-direction:column;justify-content:center;}}<\/style>\n<div class=\"wp-block-kadence-column kadence-column47_c07446-09\"><div class=\"kt-inside-inner-col\"><style>.wp-block-kadence-spacer.kt-block-spacer-47_adbb57-bb .kt-block-spacer{height:60px;}.wp-block-kadence-spacer.kt-block-spacer-47_adbb57-bb .kt-divider{border-top-width:1px;height:1px;border-top-color:#eee;width:80%;border-top-style:solid;}<\/style>\n<div class=\"wp-block-kadence-spacer aligncenter kt-block-spacer-47_adbb57-bb\"><div class=\"kt-block-spacer kt-block-spacer-halign-center\"><hr class=\"kt-divider\"\/><\/div><\/div>\n<\/div><\/div>\n\n\n<style>.kadence-column47_4d5932-69 > .kt-inside-inner-col,.kadence-column47_4d5932-69 > .kt-inside-inner-col:before{border-top-left-radius:0px;border-top-right-radius:0px;border-bottom-right-radius:0px;border-bottom-left-radius:0px;}.kadence-column47_4d5932-69 > .kt-inside-inner-col{column-gap:var(--global-kb-gap-sm, 1rem);}.kadence-column47_4d5932-69 > .kt-inside-inner-col{flex-direction:column;}.kadence-column47_4d5932-69 > .kt-inside-inner-col > .aligncenter{width:100%;}.kadence-column47_4d5932-69 > .kt-inside-inner-col:before{opacity:0.3;}.kadence-column47_4d5932-69{position:relative;}@media all and (max-width: 1024px){.kadence-column47_4d5932-69 > .kt-inside-inner-col{flex-direction:column;justify-content:center;}}@media all and (max-width: 767px){.kadence-column47_4d5932-69 > .kt-inside-inner-col{flex-direction:column;justify-content:center;}}<\/style>\n<div class=\"wp-block-kadence-column kadence-column47_4d5932-69\"><div class=\"kt-inside-inner-col\"><\/div><\/div>\n\n<\/div><\/div>\n\n<style>.kb-image47_d4185f-08.kb-image-is-ratio-size, .kb-image47_d4185f-08 .kb-image-is-ratio-size{max-width:706px;width:100%;}.wp-block-kadence-column > .kt-inside-inner-col > .kb-image47_d4185f-08.kb-image-is-ratio-size, .wp-block-kadence-column > .kt-inside-inner-col > .kb-image47_d4185f-08 .kb-image-is-ratio-size{align-self:unset;}.kb-image47_d4185f-08 figure{max-width:706px;}.kb-image47_d4185f-08 .image-is-svg, .kb-image47_d4185f-08 .image-is-svg img{width:100%;}.kb-image47_d4185f-08 .kb-image-has-overlay:after{opacity:0.3;border-top-left-radius:10px;border-top-right-radius:10px;border-bottom-right-radius:10px;border-bottom-left-radius:10px;}.kb-image47_d4185f-08 img.kb-img, .kb-image47_d4185f-08 .kb-img img{border-top-left-radius:10px;border-top-right-radius:10px;border-bottom-right-radius:10px;border-bottom-left-radius:10px;}<\/style>\n<div class=\"wp-block-kadence-image kb-image47_d4185f-08\"><figure class=\"aligncenter kb-image-is-ratio-size\"><div class=\"kb-is-ratio-image kb-image-ratio-land32\"><img loading=\"lazy\" decoding=\"async\" width=\"2048\" height=\"1367\" src=\"https:\/\/montravad.com\/wp-content\/uploads\/2026\/02\/an-energetic-crowd-enjoying-a-music-concert.jpeg\" alt=\"An energetic crowd enjoying a music concert with vibrant lighting and raised hands.\" class=\"kb-img wp-image-9\" srcset=\"https:\/\/montravad.com\/wp-content\/uploads\/2026\/02\/an-energetic-crowd-enjoying-a-music-concert.jpeg 2048w, https:\/\/montravad.com\/wp-content\/uploads\/2026\/02\/an-energetic-crowd-enjoying-a-music-concert-300x200.jpeg 300w, https:\/\/montravad.com\/wp-content\/uploads\/2026\/02\/an-energetic-crowd-enjoying-a-music-concert-1024x684.jpeg 1024w, https:\/\/montravad.com\/wp-content\/uploads\/2026\/02\/an-energetic-crowd-enjoying-a-music-concert-768x513.jpeg 768w, https:\/\/montravad.com\/wp-content\/uploads\/2026\/02\/an-energetic-crowd-enjoying-a-music-concert-1536x1025.jpeg 1536w\" sizes=\"auto, (max-width: 2048px) 100vw, 2048px\" \/><\/div><\/figure><\/div>\n\n\n\n<div class=\"schema-faq wp-block-yoast-faq-block\"><div class=\"schema-faq-section\" id=\"faq-question-1773934641654\"><strong class=\"schema-faq-question\"><\/strong> <p class=\"schema-faq-answer\"><\/p> <\/div> <\/div>\n","protected":false},"excerpt":{"rendered":"<p>Sobre nosotros Somos una empresa radicada en Ribadeo (Galicia, Espa\u00f1a), dedicada a la producci\u00f3n, promoci\u00f3n y distribuci\u00f3n de espect\u00e1culos de m\u00fasica y artes esc\u00e9nicas, impulsada por personas que cuentan con&#8230;<\/p>\n","protected":false},"author":1,"featured_media":79,"parent":0,"menu_order":0,"comment_status":"closed","ping_status":"closed","template":"","meta":{"_kb_optimizer_status":2,"_kadence_starter_templates_imported_post":true,"_kad_post_transparent":"","_kad_post_title":"hide","_kad_post_layout":"fullwidth","_kad_post_sidebar_id":"","_kad_post_content_style":"unboxed","_kad_post_vertical_padding":"hide","_kad_post_feature":"hide","_kad_post_feature_position":"","_kad_post_header":false,"_kad_post_footer":false,"_kad_post_classname":"","footnotes":""},"class_list":["post-47","page","type-page","status-publish","has-post-thumbnail","hentry"],"yoast_head":"<!-- This site is optimized with the Yoast SEO plugin v27.3 - https:\/\/yoast.com\/product\/yoast-seo-wordpress\/ -->\n<title>Nosotros<\/title>\n<meta name=\"description\" content=\"Vive la m\u00fasica, el humor y el teatro de cerca. Montravad organiza eventos culturales donde cada actuaci\u00f3n se convierte en algo especial\" \/>\n<meta name=\"robots\" content=\"index, follow, max-snippet:-1, max-image-preview:large, max-video-preview:-1\" \/>\n<link rel=\"canonical\" href=\"https:\/\/montravad.com\/gl\/about\/\" \/>\n<meta property=\"og:locale\" content=\"gl_ES\" \/>\n<meta property=\"og:locale:alternate\" content=\"es_ES\" \/>\n<meta property=\"og:type\" content=\"article\" \/>\n<meta property=\"og:title\" content=\"Nosotros\" \/>\n<meta property=\"og:description\" content=\"Vive la m\u00fasica, el humor y el teatro de cerca. Montravad organiza eventos culturales donde cada actuaci\u00f3n se convierte en algo especial\" \/>\n<meta property=\"og:url\" content=\"https:\/\/montravad.com\/gl\/about\/\" \/>\n<meta property=\"og:site_name\" content=\"Montravad\" \/>\n<meta property=\"article:publisher\" content=\"https:\/\/www.facebook.com\/profile.php?id=61558298731443\" \/>\n<meta property=\"article:modified_time\" content=\"2026-03-19T15:38:59+00:00\" \/>\n<meta property=\"og:image\" content=\"https:\/\/montravad.com\/wp-content\/uploads\/2026\/02\/logo.jpeg\" \/>\n\t<meta property=\"og:image:width\" content=\"283\" \/>\n\t<meta property=\"og:image:height\" content=\"241\" \/>\n\t<meta property=\"og:image:type\" content=\"image\/jpeg\" \/>\n<meta name=\"twitter:card\" content=\"summary_large_image\" \/>\n<meta name=\"twitter:site\" content=\"@MontravadPro\" \/>\n<meta name=\"twitter:label1\" content=\"Tempo de lectura\" \/>\n\t<meta name=\"twitter:data1\" content=\"1 minuto\" \/>\n<script type=\"application\/ld+json\" class=\"yoast-schema-graph\">{\"@context\":\"https:\\\/\\\/schema.org\",\"@graph\":[{\"@type\":[\"WebPage\",\"FAQPage\"],\"@id\":\"https:\\\/\\\/montravad.com\\\/about\\\/\",\"url\":\"https:\\\/\\\/montravad.com\\\/about\\\/\",\"name\":\"Nosotros\",\"isPartOf\":{\"@id\":\"https:\\\/\\\/montravad.com\\\/#website\"},\"primaryImageOfPage\":{\"@id\":\"https:\\\/\\\/montravad.com\\\/about\\\/#primaryimage\"},\"image\":{\"@id\":\"https:\\\/\\\/montravad.com\\\/about\\\/#primaryimage\"},\"thumbnailUrl\":\"https:\\\/\\\/montravad.com\\\/wp-content\\\/uploads\\\/2026\\\/02\\\/logo.jpeg\",\"datePublished\":\"2026-02-08T07:58:20+00:00\",\"dateModified\":\"2026-03-19T15:38:59+00:00\",\"description\":\"Vive la m\u00fasica, el humor y el teatro de cerca. Montravad organiza eventos culturales donde cada actuaci\u00f3n se convierte en algo especial\",\"breadcrumb\":{\"@id\":\"https:\\\/\\\/montravad.com\\\/about\\\/#breadcrumb\"},\"inLanguage\":\"gl-ES\",\"potentialAction\":[{\"@type\":\"ReadAction\",\"target\":[\"https:\\\/\\\/montravad.com\\\/about\\\/\"]}]},{\"@type\":\"ImageObject\",\"inLanguage\":\"gl-ES\",\"@id\":\"https:\\\/\\\/montravad.com\\\/about\\\/#primaryimage\",\"url\":\"https:\\\/\\\/montravad.com\\\/wp-content\\\/uploads\\\/2026\\\/02\\\/logo.jpeg\",\"contentUrl\":\"https:\\\/\\\/montravad.com\\\/wp-content\\\/uploads\\\/2026\\\/02\\\/logo.jpeg\",\"width\":283,\"height\":241,\"caption\":\"Montravad\"},{\"@type\":\"BreadcrumbList\",\"@id\":\"https:\\\/\\\/montravad.com\\\/about\\\/#breadcrumb\",\"itemListElement\":[{\"@type\":\"ListItem\",\"position\":1,\"name\":\"Portada\",\"item\":\"https:\\\/\\\/montravad.com\\\/\"},{\"@type\":\"ListItem\",\"position\":2,\"name\":\"Nosotros\"}]},{\"@type\":\"WebSite\",\"@id\":\"https:\\\/\\\/montravad.com\\\/#website\",\"url\":\"https:\\\/\\\/montravad.com\\\/\",\"name\":\"Montravad\",\"description\":\"Descubre los proximos eventos, humor, teatro, conciertos y mas\",\"publisher\":{\"@id\":\"https:\\\/\\\/montravad.com\\\/#organization\"},\"potentialAction\":[{\"@type\":\"SearchAction\",\"target\":{\"@type\":\"EntryPoint\",\"urlTemplate\":\"https:\\\/\\\/montravad.com\\\/?s={search_term_string}\"},\"query-input\":{\"@type\":\"PropertyValueSpecification\",\"valueRequired\":true,\"valueName\":\"search_term_string\"}}],\"inLanguage\":\"gl-ES\"},{\"@type\":\"Organization\",\"@id\":\"https:\\\/\\\/montravad.com\\\/#organization\",\"name\":\"Montravad\",\"url\":\"https:\\\/\\\/montravad.com\\\/\",\"logo\":{\"@type\":\"ImageObject\",\"inLanguage\":\"gl-ES\",\"@id\":\"https:\\\/\\\/montravad.com\\\/#\\\/schema\\\/logo\\\/image\\\/\",\"url\":\"https:\\\/\\\/montravad.com\\\/wp-content\\\/uploads\\\/2026\\\/02\\\/logo2.jpg\",\"contentUrl\":\"https:\\\/\\\/montravad.com\\\/wp-content\\\/uploads\\\/2026\\\/02\\\/logo2.jpg\",\"width\":283,\"height\":241,\"caption\":\"Montravad\"},\"image\":{\"@id\":\"https:\\\/\\\/montravad.com\\\/#\\\/schema\\\/logo\\\/image\\\/\"},\"sameAs\":[\"https:\\\/\\\/www.facebook.com\\\/profile.php?id=61558298731443\",\"https:\\\/\\\/x.com\\\/MontravadPro\",\"https:\\\/\\\/www.instagram.com\\\/montravad.pro\\\/\"]}]}<\/script>\n<!-- \/ Yoast SEO plugin. -->","yoast_head_json":{"title":"Nosotros","description":"Vive la m\u00fasica, el humor y el teatro de cerca. Montravad organiza eventos culturales donde cada actuaci\u00f3n se convierte en algo especial","robots":{"index":"index","follow":"follow","max-snippet":"max-snippet:-1","max-image-preview":"max-image-preview:large","max-video-preview":"max-video-preview:-1"},"canonical":"https:\/\/montravad.com\/gl\/about\/","og_locale":"gl_ES","og_type":"article","og_title":"[:es]Nosotros[:] - Montravad","og_description":"Vive la m\u00fasica, el humor y el teatro de cerca. Montravad organiza eventos culturales donde cada actuaci\u00f3n se convierte en algo especial","og_url":"https:\/\/montravad.com\/gl\/about\/","og_site_name":"Montravad","article_publisher":"https:\/\/www.facebook.com\/profile.php?id=61558298731443","article_modified_time":"2026-03-19T15:38:59+00:00","og_image":[{"width":283,"height":241,"url":"https:\/\/montravad.com\/wp-content\/uploads\/2026\/02\/logo.jpeg","type":"image\/jpeg"}],"twitter_card":"summary_large_image","twitter_site":"@MontravadPro","twitter_misc":{"Tempo de lectura":"1 minuto"},"schema":{"@context":"https:\/\/schema.org","@graph":[{"@type":["WebPage","FAQPage"],"@id":"https:\/\/montravad.com\/about\/","url":"https:\/\/montravad.com\/about\/","name":"Nosotros","isPartOf":{"@id":"https:\/\/montravad.com\/#website"},"primaryImageOfPage":{"@id":"https:\/\/montravad.com\/about\/#primaryimage"},"image":{"@id":"https:\/\/montravad.com\/about\/#primaryimage"},"thumbnailUrl":"https:\/\/montravad.com\/wp-content\/uploads\/2026\/02\/logo.jpeg","datePublished":"2026-02-08T07:58:20+00:00","dateModified":"2026-03-19T15:38:59+00:00","description":"Vive la m\u00fasica, el humor y el teatro de cerca. Montravad organiza eventos culturales donde cada actuaci\u00f3n se convierte en algo especial","breadcrumb":{"@id":"https:\/\/montravad.com\/about\/#breadcrumb"},"inLanguage":"gl-ES","potentialAction":[{"@type":"ReadAction","target":["https:\/\/montravad.com\/about\/"]}]},{"@type":"ImageObject","inLanguage":"gl-ES","@id":"https:\/\/montravad.com\/about\/#primaryimage","url":"https:\/\/montravad.com\/wp-content\/uploads\/2026\/02\/logo.jpeg","contentUrl":"https:\/\/montravad.com\/wp-content\/uploads\/2026\/02\/logo.jpeg","width":283,"height":241,"caption":"Montravad"},{"@type":"BreadcrumbList","@id":"https:\/\/montravad.com\/about\/#breadcrumb","itemListElement":[{"@type":"ListItem","position":1,"name":"Portada","item":"https:\/\/montravad.com\/"},{"@type":"ListItem","position":2,"name":"Nosotros"}]},{"@type":"WebSite","@id":"https:\/\/montravad.com\/#website","url":"https:\/\/montravad.com\/","name":"Montravad","description":"Descubre los proximos eventos, humor, teatro, conciertos y mas","publisher":{"@id":"https:\/\/montravad.com\/#organization"},"potentialAction":[{"@type":"SearchAction","target":{"@type":"EntryPoint","urlTemplate":"https:\/\/montravad.com\/?s={search_term_string}"},"query-input":{"@type":"PropertyValueSpecification","valueRequired":true,"valueName":"search_term_string"}}],"inLanguage":"gl-ES"},{"@type":"Organization","@id":"https:\/\/montravad.com\/#organization","name":"Montravad","url":"https:\/\/montravad.com\/","logo":{"@type":"ImageObject","inLanguage":"gl-ES","@id":"https:\/\/montravad.com\/#\/schema\/logo\/image\/","url":"https:\/\/montravad.com\/wp-content\/uploads\/2026\/02\/logo2.jpg","contentUrl":"https:\/\/montravad.com\/wp-content\/uploads\/2026\/02\/logo2.jpg","width":283,"height":241,"caption":"Montravad"},"image":{"@id":"https:\/\/montravad.com\/#\/schema\/logo\/image\/"},"sameAs":["https:\/\/www.facebook.com\/profile.php?id=61558298731443","https:\/\/x.com\/MontravadPro","https:\/\/www.instagram.com\/montravad.pro\/"]}]}},"_links":{"self":[{"href":"https:\/\/montravad.com\/gl\/wp-json\/wp\/v2\/pages\/47","targetHints":{"allow":["GET"]}}],"collection":[{"href":"https:\/\/montravad.com\/gl\/wp-json\/wp\/v2\/pages"}],"about":[{"href":"https:\/\/montravad.com\/gl\/wp-json\/wp\/v2\/types\/page"}],"author":[{"embeddable":true,"href":"https:\/\/montravad.com\/gl\/wp-json\/wp\/v2\/users\/1"}],"replies":[{"embeddable":true,"href":"https:\/\/montravad.com\/gl\/wp-json\/wp\/v2\/comments?post=47"}],"version-history":[{"count":9,"href":"https:\/\/montravad.com\/gl\/wp-json\/wp\/v2\/pages\/47\/revisions"}],"predecessor-version":[{"id":257,"href":"https:\/\/montravad.com\/gl\/wp-json\/wp\/v2\/pages\/47\/revisions\/257"}],"wp:featuredmedia":[{"embeddable":true,"href":"https:\/\/montravad.com\/gl\/wp-json\/wp\/v2\/media\/79"}],"wp:attachment":[{"href":"https:\/\/montravad.com\/gl\/wp-json\/wp\/v2\/media?parent=47"}],"curies":[{"name":"wp","href":"https:\/\/api.w.org\/{rel}","templated":true}]}}