{"id":194,"date":"2026-02-21T08:06:32","date_gmt":"2026-02-21T08:06:32","guid":{"rendered":"https:\/\/montravad.com\/?page_id=194"},"modified":"2026-02-21T08:06:32","modified_gmt":"2026-02-21T08:06:32","slug":"cookies","status":"publish","type":"page","link":"https:\/\/montravad.com\/gl\/cookies\/","title":{"rendered":"Cookies"},"content":{"rendered":"\n<h1 class=\"wp-block-heading\">POL\u00cdTICA DE COOKIES<\/h1>\n\n\n\n<p><strong>montravad.com<\/strong><\/p>\n\n\n\n<hr class=\"wp-block-separator has-alpha-channel-opacity\"\/>\n\n\n\n<h2 class=\"wp-block-heading\">1. \u00bfQu\u00e9 son las cookies?<\/h2>\n\n\n\n<p>Las cookies son peque\u00f1os archivos de texto que se almacenan en el dispositivo del usuario (ordenador, smartphone, tablet, etc.) cuando visita una p\u00e1gina web. Su funci\u00f3n es recordar informaci\u00f3n sobre la visita para mejorar la experiencia de navegaci\u00f3n y, en algunos casos, recopilar informaci\u00f3n estad\u00edstica o mostrar contenidos personalizados.<\/p>\n\n\n\n<p>De acuerdo con el art\u00edculo 22.2 de la Ley 34\/2002, de 11 de julio, de Servicios de la Sociedad de la Informaci\u00f3n y de Comercio Electr\u00f3nico (LSSI), y con el Reglamento (UE) 2016\/679 (RGPD), el uso de cookies que no sean estrictamente necesarias requiere el consentimiento previo e informado del usuario.<\/p>\n\n\n\n<hr class=\"wp-block-separator has-alpha-channel-opacity\"\/>\n\n\n\n<h2 class=\"wp-block-heading\">2. Responsable del tratamiento<\/h2>\n\n\n\n<p>El responsable del tratamiento de los datos recabados a trav\u00e9s de las cookies de este sitio web es:<\/p>\n\n\n\n<ul class=\"wp-block-list\">\n<li><strong>Empresa:<\/strong> Montravad SL<\/li>\n\n\n\n<li><strong>Web:<\/strong> <a href=\"https:\/\/montravad.com\">https:\/\/montravad.com<\/a><\/li>\n\n\n\n<li><strong>Email de contacto:<\/strong> <a href=\"mailto:montravad.pro@gmail.com\">montravad.pro@gmail.com<\/a><\/li>\n<\/ul>\n\n\n\n<hr class=\"wp-block-separator has-alpha-channel-opacity\"\/>\n\n\n\n<h2 class=\"wp-block-heading\">3. Tipos de cookies que utilizamos<\/h2>\n\n\n\n<h3 class=\"wp-block-heading\">3.1 Cookies t\u00e9cnicas o estrictamente necesarias<\/h3>\n\n\n\n<p>Son imprescindibles para el correcto funcionamiento del sitio web. No requieren consentimiento del usuario. Entre ellas se incluyen:<\/p>\n\n\n\n<ul class=\"wp-block-list\">\n<li><strong>Cookies de sesi\u00f3n de WordPress<\/strong> (<code>wordpress_*<\/code>, <code>wordpress_logged_in_*<\/code>): gestionan la sesi\u00f3n del usuario y el acceso al panel de administraci\u00f3n. Duraci\u00f3n: sesi\u00f3n.<\/li>\n\n\n\n<li><strong>Cookie de preferencias de cookies<\/strong> (<code>viewed_cookie_policy<\/code>, <code>cookielawinfo-*<\/code> o equivalente del plugin de consentimiento): almacena las preferencias del usuario respecto a las cookies. Duraci\u00f3n: 1 a\u00f1o.<\/li>\n\n\n\n<li><strong>Cookie CSRF \/ nonce<\/strong> (<code>wordpress_test_cookie<\/code>): verifica que el navegador acepta cookies. Duraci\u00f3n: sesi\u00f3n.<\/li>\n<\/ul>\n\n\n\n<h3 class=\"wp-block-heading\">3.2 Cookies de funcionalidad o de experiencia<\/h3>\n\n\n\n<p>Permiten recordar preferencias del usuario y mejorar su experiencia de navegaci\u00f3n. Requieren consentimiento:<\/p>\n\n\n\n<ul class=\"wp-block-list\">\n<li><strong>Google Maps<\/strong> (<code>NID<\/code>, <code>CONSENT<\/code>, <code>SOCS<\/code>, <code>1P_JAR<\/code>, entre otras): al incluir mapas de Google Maps en la web, Google puede instalar cookies para ofrecer el servicio cartogr\u00e1fico, guardar preferencias del mapa y, en su caso, recopilar informaci\u00f3n sobre el uso del mapa. El responsable de estas cookies es Google Ireland Limited (Gordon House, Barrow Street, Dubl\u00edn 4, Irlanda). Duraci\u00f3n: variable (entre sesi\u00f3n y 6 meses). Puedes consultar la pol\u00edtica de privacidad de Google en: <a href=\"https:\/\/policies.google.com\/privacy\">https:\/\/policies.google.com\/privacy<\/a><\/li>\n<\/ul>\n\n\n\n<h3 class=\"wp-block-heading\">3.3 Cookies anal\u00edticas o estad\u00edsticas<\/h3>\n\n\n\n<p>Permiten conocer c\u00f3mo interact\u00faan los usuarios con la web con el fin de mejorar su funcionamiento. Requieren consentimiento. En la actualidad este sitio web <strong>no utiliza<\/strong> cookies anal\u00edticas de terceros (como Google Analytics), aunque esta pol\u00edtica ser\u00e1 actualizada si en el futuro se incorporan.<\/p>\n\n\n\n<h3 class=\"wp-block-heading\">3.4 Cookies de marketing o publicidad<\/h3>\n\n\n\n<p>En la actualidad este sitio web <strong>no utiliza<\/strong> cookies de publicidad o retargeting de terceros.<\/p>\n\n\n\n<hr class=\"wp-block-separator has-alpha-channel-opacity\"\/>\n\n\n\n<h2 class=\"wp-block-heading\">4. Tabla resumen de cookies<\/h2>\n\n\n\n<figure class=\"wp-block-table\"><table class=\"has-fixed-layout\"><thead><tr><th>Nombre<\/th><th>Tipo<\/th><th>Finalidad<\/th><th>Responsable<\/th><th>Duraci\u00f3n<\/th><\/tr><\/thead><tbody><tr><td><code>wordpress_*<\/code><\/td><td>T\u00e9cnica<\/td><td>Gesti\u00f3n de sesi\u00f3n<\/td><td>Montravad<\/td><td>Sesi\u00f3n<\/td><\/tr><tr><td><code>wordpress_logged_in_*<\/code><\/td><td>T\u00e9cnica<\/td><td>Acceso autenticado<\/td><td>Montravad<\/td><td>Sesi\u00f3n<\/td><\/tr><tr><td><code>wordpress_test_cookie<\/code><\/td><td>T\u00e9cnica<\/td><td>Verificaci\u00f3n de cookies<\/td><td>Montravad<\/td><td>Sesi\u00f3n<\/td><\/tr><tr><td>Cookie de consentimiento<\/td><td>T\u00e9cnica<\/td><td>Guardar preferencias de cookies<\/td><td>Montravad<\/td><td>1 a\u00f1o<\/td><\/tr><tr><td><code>NID<\/code>, <code>CONSENT<\/code>, <code>SOCS<\/code><\/td><td>Funcionalidad<\/td><td>Google Maps<\/td><td>Google<\/td><td>Variable<\/td><\/tr><\/tbody><\/table><\/figure>\n\n\n\n<hr class=\"wp-block-separator has-alpha-channel-opacity\"\/>\n\n\n\n<h2 class=\"wp-block-heading\">5. \u00bfC\u00f3mo gestionar o desactivar las cookies?<\/h2>\n\n\n\n<p>El usuario puede, en cualquier momento, aceptar, rechazar o retirar su consentimiento a trav\u00e9s del <strong>panel de configuraci\u00f3n de cookies<\/strong> disponible en esta web (accesible desde el aviso de cookies).<\/p>\n\n\n\n<p>Adem\u00e1s, puede configurar su navegador para bloquear o eliminar las cookies. A continuaci\u00f3n encontrar\u00e1 los enlaces de ayuda de los principales navegadores:<\/p>\n\n\n\n<ul class=\"wp-block-list\">\n<li><strong>Google Chrome:<\/strong> <a href=\"https:\/\/support.google.com\/chrome\/answer\/95647\">https:\/\/support.google.com\/chrome\/answer\/95647<\/a><\/li>\n\n\n\n<li><strong>Mozilla Firefox:<\/strong> <a href=\"https:\/\/support.mozilla.org\/es\/kb\/habilitar-y-deshabilitar-cookies-sitios-web-rastrear-preferencias\">https:\/\/support.mozilla.org\/es\/kb\/habilitar-y-deshabilitar-cookies-sitios-web-rastrear-preferencias<\/a><\/li>\n\n\n\n<li><strong>Microsoft Edge:<\/strong> <a href=\"https:\/\/support.microsoft.com\/es-es\/microsoft-edge\/eliminar-las-cookies-en-microsoft-edge-63947406-40ac-c3b8-57b9-2a946a29ae09\">https:\/\/support.microsoft.com\/es-es\/microsoft-edge\/eliminar-las-cookies-en-microsoft-edge-63947406-40ac-c3b8-57b9-2a946a29ae09<\/a><\/li>\n\n\n\n<li><strong>Safari:<\/strong> <a href=\"https:\/\/support.apple.com\/es-es\/guide\/safari\/sfri11471\/mac\">https:\/\/support.apple.com\/es-es\/guide\/safari\/sfri11471\/mac<\/a><\/li>\n<\/ul>\n\n\n\n<p>Ten en cuenta que deshabilitar determinadas cookies puede afectar al correcto funcionamiento del sitio web.<\/p>\n\n\n\n<hr class=\"wp-block-separator has-alpha-channel-opacity\"\/>\n\n\n\n<h2 class=\"wp-block-heading\">6. Transferencias internacionales de datos<\/h2>\n\n\n\n<p>El uso de cookies de Google Maps puede implicar transferencias de datos a servidores ubicados fuera del Espacio Econ\u00f3mico Europeo. Google se acoge al marco EU-U.S. Data Privacy Framework y a las cl\u00e1usulas contractuales tipo aprobadas por la Comisi\u00f3n Europea. Puedes consultar m\u00e1s informaci\u00f3n en: <a href=\"https:\/\/policies.google.com\/privacy\">https:\/\/policies.google.com\/privacy<\/a><\/p>\n\n\n\n<hr class=\"wp-block-separator has-alpha-channel-opacity\"\/>\n\n\n\n<h2 class=\"wp-block-heading\">7. Actualizaciones de esta pol\u00edtica<\/h2>\n\n\n\n<p>Montravad se reserva el derecho a modificar esta Pol\u00edtica de Cookies en cualquier momento, por ejemplo para adaptarla a cambios legislativos o a la incorporaci\u00f3n de nuevos servicios. Se recomienda revisar esta p\u00e1gina peri\u00f3dicamente. La fecha de la \u00faltima actualizaci\u00f3n figura al pie de este documento.<\/p>\n\n\n\n<hr class=\"wp-block-separator has-alpha-channel-opacity\"\/>\n\n\n\n<h2 class=\"wp-block-heading\">8. M\u00e1s informaci\u00f3n<\/h2>\n\n\n\n<p>Para cualquier consulta relacionada con el uso de cookies o el tratamiento de datos personales, puede contactar con nosotros en: <strong><a href=\"mailto:montravad.pro@gmail.com\">montravad.pro@gmail.com<\/a><\/strong><\/p>\n\n\n\n<hr class=\"wp-block-separator has-alpha-channel-opacity\"\/>\n\n\n\n<p><em>\u00daltima actualizaci\u00f3n: febrero de 2026<\/em><\/p>\n","protected":false},"excerpt":{"rendered":"<p>POL\u00cdTICA DE COOKIES montravad.com 1. \u00bfQu\u00e9 son las cookies? Las cookies son peque\u00f1os archivos de texto que se almacenan en el dispositivo del usuario (ordenador, smartphone, tablet, etc.) cuando visita&#8230;<\/p>\n","protected":false},"author":1,"featured_media":0,"parent":0,"menu_order":0,"comment_status":"closed","ping_status":"closed","template":"","meta":{"_kb_optimizer_status":0,"_kadence_starter_templates_imported_post":false,"_kad_post_transparent":"","_kad_post_title":"","_kad_post_layout":"","_kad_post_sidebar_id":"","_kad_post_content_style":"","_kad_post_vertical_padding":"","_kad_post_feature":"","_kad_post_feature_position":"","_kad_post_header":false,"_kad_post_footer":false,"_kad_post_classname":"","footnotes":""},"class_list":["post-194","page","type-page","status-publish","hentry"],"yoast_head":"<!-- This site is optimized with the Yoast SEO plugin v27.3 - https:\/\/yoast.com\/product\/yoast-seo-wordpress\/ -->\n<title>Cookies<\/title>\n<meta name=\"robots\" content=\"index, follow, max-snippet:-1, max-image-preview:large, max-video-preview:-1\" \/>\n<link rel=\"canonical\" href=\"https:\/\/montravad.com\/gl\/cookies\/\" \/>\n<meta property=\"og:locale\" content=\"gl_ES\" \/>\n<meta property=\"og:locale:alternate\" content=\"es_ES\" \/>\n<meta property=\"og:type\" content=\"article\" \/>\n<meta property=\"og:title\" content=\"Cookies\" \/>\n<meta property=\"og:description\" content=\"POL\u00cdTICA DE COOKIES montravad.com 1. \u00bfQu\u00e9 son las cookies? Las cookies son peque\u00f1os archivos de texto que se almacenan en el dispositivo del usuario (ordenador, smartphone, tablet, etc.) cuando visita...\" \/>\n<meta property=\"og:url\" content=\"https:\/\/montravad.com\/gl\/cookies\/\" \/>\n<meta property=\"og:site_name\" content=\"Montravad\" \/>\n<meta property=\"article:publisher\" content=\"https:\/\/www.facebook.com\/profile.php?id=61558298731443\" \/>\n<meta name=\"twitter:card\" content=\"summary_large_image\" \/>\n<meta name=\"twitter:site\" content=\"@MontravadPro\" \/>\n<meta name=\"twitter:label1\" content=\"Tempo de lectura\" \/>\n\t<meta name=\"twitter:data1\" content=\"4 minutos\" \/>\n<script type=\"application\/ld+json\" class=\"yoast-schema-graph\">{\"@context\":\"https:\\\/\\\/schema.org\",\"@graph\":[{\"@type\":\"WebPage\",\"@id\":\"https:\\\/\\\/montravad.com\\\/cookies\\\/\",\"url\":\"https:\\\/\\\/montravad.com\\\/cookies\\\/\",\"name\":\"Cookies\",\"isPartOf\":{\"@id\":\"https:\\\/\\\/montravad.com\\\/#website\"},\"datePublished\":\"2026-02-21T08:06:32+00:00\",\"breadcrumb\":{\"@id\":\"https:\\\/\\\/montravad.com\\\/cookies\\\/#breadcrumb\"},\"inLanguage\":\"gl-ES\",\"potentialAction\":[{\"@type\":\"ReadAction\",\"target\":[\"https:\\\/\\\/montravad.com\\\/cookies\\\/\"]}]},{\"@type\":\"BreadcrumbList\",\"@id\":\"https:\\\/\\\/montravad.com\\\/cookies\\\/#breadcrumb\",\"itemListElement\":[{\"@type\":\"ListItem\",\"position\":1,\"name\":\"Portada\",\"item\":\"https:\\\/\\\/montravad.com\\\/\"},{\"@type\":\"ListItem\",\"position\":2,\"name\":\"Cookies\"}]},{\"@type\":\"WebSite\",\"@id\":\"https:\\\/\\\/montravad.com\\\/#website\",\"url\":\"https:\\\/\\\/montravad.com\\\/\",\"name\":\"Montravad\",\"description\":\"Descubre los proximos eventos, humor, teatro, conciertos y mas\",\"publisher\":{\"@id\":\"https:\\\/\\\/montravad.com\\\/#organization\"},\"potentialAction\":[{\"@type\":\"SearchAction\",\"target\":{\"@type\":\"EntryPoint\",\"urlTemplate\":\"https:\\\/\\\/montravad.com\\\/?s={search_term_string}\"},\"query-input\":{\"@type\":\"PropertyValueSpecification\",\"valueRequired\":true,\"valueName\":\"search_term_string\"}}],\"inLanguage\":\"gl-ES\"},{\"@type\":\"Organization\",\"@id\":\"https:\\\/\\\/montravad.com\\\/#organization\",\"name\":\"Montravad\",\"url\":\"https:\\\/\\\/montravad.com\\\/\",\"logo\":{\"@type\":\"ImageObject\",\"inLanguage\":\"gl-ES\",\"@id\":\"https:\\\/\\\/montravad.com\\\/#\\\/schema\\\/logo\\\/image\\\/\",\"url\":\"https:\\\/\\\/montravad.com\\\/wp-content\\\/uploads\\\/2026\\\/02\\\/logo2.jpg\",\"contentUrl\":\"https:\\\/\\\/montravad.com\\\/wp-content\\\/uploads\\\/2026\\\/02\\\/logo2.jpg\",\"width\":283,\"height\":241,\"caption\":\"Montravad\"},\"image\":{\"@id\":\"https:\\\/\\\/montravad.com\\\/#\\\/schema\\\/logo\\\/image\\\/\"},\"sameAs\":[\"https:\\\/\\\/www.facebook.com\\\/profile.php?id=61558298731443\",\"https:\\\/\\\/x.com\\\/MontravadPro\",\"https:\\\/\\\/www.instagram.com\\\/montravad.pro\\\/\"]}]}<\/script>\n<!-- \/ Yoast SEO plugin. -->","yoast_head_json":{"title":"Cookies","robots":{"index":"index","follow":"follow","max-snippet":"max-snippet:-1","max-image-preview":"max-image-preview:large","max-video-preview":"max-video-preview:-1"},"canonical":"https:\/\/montravad.com\/gl\/cookies\/","og_locale":"gl_ES","og_type":"article","og_title":"[:es]Cookies[:] - Montravad","og_description":"POL\u00cdTICA DE COOKIES montravad.com 1. \u00bfQu\u00e9 son las cookies? Las cookies son peque\u00f1os archivos de texto que se almacenan en el dispositivo del usuario (ordenador, smartphone, tablet, etc.) cuando visita...","og_url":"https:\/\/montravad.com\/gl\/cookies\/","og_site_name":"Montravad","article_publisher":"https:\/\/www.facebook.com\/profile.php?id=61558298731443","twitter_card":"summary_large_image","twitter_site":"@MontravadPro","twitter_misc":{"Tempo de lectura":"4 minutos"},"schema":{"@context":"https:\/\/schema.org","@graph":[{"@type":"WebPage","@id":"https:\/\/montravad.com\/cookies\/","url":"https:\/\/montravad.com\/cookies\/","name":"Cookies","isPartOf":{"@id":"https:\/\/montravad.com\/#website"},"datePublished":"2026-02-21T08:06:32+00:00","breadcrumb":{"@id":"https:\/\/montravad.com\/cookies\/#breadcrumb"},"inLanguage":"gl-ES","potentialAction":[{"@type":"ReadAction","target":["https:\/\/montravad.com\/cookies\/"]}]},{"@type":"BreadcrumbList","@id":"https:\/\/montravad.com\/cookies\/#breadcrumb","itemListElement":[{"@type":"ListItem","position":1,"name":"Portada","item":"https:\/\/montravad.com\/"},{"@type":"ListItem","position":2,"name":"Cookies"}]},{"@type":"WebSite","@id":"https:\/\/montravad.com\/#website","url":"https:\/\/montravad.com\/","name":"Montravad","description":"Descubre los proximos eventos, humor, teatro, conciertos y mas","publisher":{"@id":"https:\/\/montravad.com\/#organization"},"potentialAction":[{"@type":"SearchAction","target":{"@type":"EntryPoint","urlTemplate":"https:\/\/montravad.com\/?s={search_term_string}"},"query-input":{"@type":"PropertyValueSpecification","valueRequired":true,"valueName":"search_term_string"}}],"inLanguage":"gl-ES"},{"@type":"Organization","@id":"https:\/\/montravad.com\/#organization","name":"Montravad","url":"https:\/\/montravad.com\/","logo":{"@type":"ImageObject","inLanguage":"gl-ES","@id":"https:\/\/montravad.com\/#\/schema\/logo\/image\/","url":"https:\/\/montravad.com\/wp-content\/uploads\/2026\/02\/logo2.jpg","contentUrl":"https:\/\/montravad.com\/wp-content\/uploads\/2026\/02\/logo2.jpg","width":283,"height":241,"caption":"Montravad"},"image":{"@id":"https:\/\/montravad.com\/#\/schema\/logo\/image\/"},"sameAs":["https:\/\/www.facebook.com\/profile.php?id=61558298731443","https:\/\/x.com\/MontravadPro","https:\/\/www.instagram.com\/montravad.pro\/"]}]}},"_links":{"self":[{"href":"https:\/\/montravad.com\/gl\/wp-json\/wp\/v2\/pages\/194","targetHints":{"allow":["GET"]}}],"collection":[{"href":"https:\/\/montravad.com\/gl\/wp-json\/wp\/v2\/pages"}],"about":[{"href":"https:\/\/montravad.com\/gl\/wp-json\/wp\/v2\/types\/page"}],"author":[{"embeddable":true,"href":"https:\/\/montravad.com\/gl\/wp-json\/wp\/v2\/users\/1"}],"replies":[{"embeddable":true,"href":"https:\/\/montravad.com\/gl\/wp-json\/wp\/v2\/comments?post=194"}],"version-history":[{"count":1,"href":"https:\/\/montravad.com\/gl\/wp-json\/wp\/v2\/pages\/194\/revisions"}],"predecessor-version":[{"id":195,"href":"https:\/\/montravad.com\/gl\/wp-json\/wp\/v2\/pages\/194\/revisions\/195"}],"wp:attachment":[{"href":"https:\/\/montravad.com\/gl\/wp-json\/wp\/v2\/media?parent=194"}],"curies":[{"name":"wp","href":"https:\/\/api.w.org\/{rel}","templated":true}]}}